{"id":288,"date":"2016-07-12T19:43:55","date_gmt":"2016-07-12T18:43:55","guid":{"rendered":"http:\/\/jenny-vacas.com\/?page_id=288"},"modified":"2016-07-18T19:07:57","modified_gmt":"2016-07-18T18:07:57","slug":"therapeute-en-guidance-2","status":"publish","type":"page","link":"https:\/\/jenny-vacas.com\/index.php\/therapeute-en-guidance-2\/","title":{"rendered":"Th\u00e9rapeute en guidance"},"content":{"rendered":"<p>Cette partie de mon activit\u00e9 est d\u00e9di\u00e9e aux particuliers.<\/p>\n<p>Je vous re\u00e7ois dans un cadre calme et agr\u00e9able, o\u00f9 l&rsquo;\u00e9coute et le dialogue sont les bases de mon travail face \u00e0 la douleur que vous m&rsquo;exprimez.\u00a0Vous restez ma\u00eetre du nombre de s\u00e9ances que vous jugez utiles.<\/p>\n<p>De part mes diverses formations, je peux accompagner dans les travers\u00e9es parfois difficile que la vie impose : deuil &#8211; difficult\u00e9s parentales &#8211; mal-\u00eatre au travail, etc.<\/p>\n<p>&nbsp;<\/p>\n","protected":false},"excerpt":{"rendered":"<p>Cette partie de mon activit\u00e9 est d\u00e9di\u00e9e aux particuliers. Je vous re\u00e7ois dans un cadre calme et agr\u00e9able, o\u00f9 l&rsquo;\u00e9coute et le dialogue sont les bases de mon travail face \u00e0 la douleur que vous m&rsquo;exprimez.\u00a0Vous restez ma\u00eetre du nombre de s\u00e9ances que vous jugez utiles. De part mes diverses formations, je peux accompagner dans&#8230; <\/p>\n","protected":false},"author":1,"featured_media":281,"parent":0,"menu_order":0,"comment_status":"closed","ping_status":"closed","template":"","meta":{"footnotes":""},"_links":{"self":[{"href":"https:\/\/jenny-vacas.com\/index.php\/wp-json\/wp\/v2\/pages\/288"}],"collection":[{"href":"https:\/\/jenny-vacas.com\/index.php\/wp-json\/wp\/v2\/pages"}],"about":[{"href":"https:\/\/jenny-vacas.com\/index.php\/wp-json\/wp\/v2\/types\/page"}],"author":[{"embeddable":true,"href":"https:\/\/jenny-vacas.com\/index.php\/wp-json\/wp\/v2\/users\/1"}],"replies":[{"embeddable":true,"href":"https:\/\/jenny-vacas.com\/index.php\/wp-json\/wp\/v2\/comments?post=288"}],"version-history":[{"count":5,"href":"https:\/\/jenny-vacas.com\/index.php\/wp-json\/wp\/v2\/pages\/288\/revisions"}],"predecessor-version":[{"id":311,"href":"https:\/\/jenny-vacas.com\/index.php\/wp-json\/wp\/v2\/pages\/288\/revisions\/311"}],"wp:featuredmedia":[{"embeddable":true,"href":"https:\/\/jenny-vacas.com\/index.php\/wp-json\/wp\/v2\/media\/281"}],"wp:attachment":[{"href":"https:\/\/jenny-vacas.com\/index.php\/wp-json\/wp\/v2\/media?parent=288"}],"curies":[{"name":"wp","href":"https:\/\/api.w.org\/{rel}","templated":true}]}}