{"id":35,"date":"2016-07-08T09:32:18","date_gmt":"2016-07-08T08:32:18","guid":{"rendered":"http:\/\/jenny-vacas.com\/?page_id=35"},"modified":"2016-07-19T12:26:47","modified_gmt":"2016-07-19T11:26:47","slug":"management","status":"publish","type":"page","link":"https:\/\/jenny-vacas.com\/index.php\/formations\/management\/","title":{"rendered":"Management"},"content":{"rendered":"<p>OUI,\u00a0l&rsquo;aptitude \u00e0 manager\u00a0peut \u00eatre am\u00e9lior\u00e9 lorsqu&rsquo;on conna\u00eet\u00a0mieux les outils qui permettent de communiquer harmonieusement\u00a0et lorsqu&rsquo;on poursuit son propre chemin de compr\u00e9hension de soi&#8230; C&rsquo;est le socle des formations Management,\u00a0sur lequel je m&rsquo;appuie pour proposer une ing\u00e9nierie p\u00e9dagogique sur mesure.<\/p>\n<hr \/>\n<p><strong>Les principales th\u00e9matiques :<\/strong><\/p>\n<p>Manager une \u00e9quipe\u00a0de travail<\/p>\n<p>Manager un collaborateur en difficult\u00e9<\/p>\n<p>G\u00e9rer les conflits<\/p>\n<p>Prise de parole en public<\/p>\n<p>Savoir ranimer des r\u00e9unions efficaces\u2026<\/p>\n<p>&nbsp;<\/p>\n<hr \/>\n<p>Voir aussi :<\/p>\n<p><a href=\"http:\/\/jenny-vacas.com\/index.php\/communication-interpersonnelle-professionnelle\/\">Communication Interpersonnelle<\/a><\/p>\n<p><a href=\"http:\/\/jenny-vacas.com\/index.php\/sante-au-travail\/\">Sant\u00e9 au travail<\/a><\/p>\n<p><a href=\"http:\/\/jenny-vacas.com\/index.php\/developpement-personnel-professionnel\/\">D\u00e9veloppement Personnel &amp; Professionnel<\/a><\/p>\n","protected":false},"excerpt":{"rendered":"<p>OUI,\u00a0l&rsquo;aptitude \u00e0 manager\u00a0peut \u00eatre am\u00e9lior\u00e9 lorsqu&rsquo;on conna\u00eet\u00a0mieux les outils qui permettent de communiquer harmonieusement\u00a0et lorsqu&rsquo;on poursuit son propre chemin de compr\u00e9hension de soi&#8230; C&rsquo;est le socle des formations Management,\u00a0sur lequel je m&rsquo;appuie pour proposer une ing\u00e9nierie p\u00e9dagogique sur mesure. Les principales th\u00e9matiques : Manager une \u00e9quipe\u00a0de travail Manager un collaborateur en difficult\u00e9 G\u00e9rer les conflits&#8230; <\/p>\n","protected":false},"author":1,"featured_media":0,"parent":13,"menu_order":0,"comment_status":"closed","ping_status":"closed","template":"","meta":{"footnotes":""},"_links":{"self":[{"href":"https:\/\/jenny-vacas.com\/index.php\/wp-json\/wp\/v2\/pages\/35"}],"collection":[{"href":"https:\/\/jenny-vacas.com\/index.php\/wp-json\/wp\/v2\/pages"}],"about":[{"href":"https:\/\/jenny-vacas.com\/index.php\/wp-json\/wp\/v2\/types\/page"}],"author":[{"embeddable":true,"href":"https:\/\/jenny-vacas.com\/index.php\/wp-json\/wp\/v2\/users\/1"}],"replies":[{"embeddable":true,"href":"https:\/\/jenny-vacas.com\/index.php\/wp-json\/wp\/v2\/comments?post=35"}],"version-history":[{"count":14,"href":"https:\/\/jenny-vacas.com\/index.php\/wp-json\/wp\/v2\/pages\/35\/revisions"}],"predecessor-version":[{"id":335,"href":"https:\/\/jenny-vacas.com\/index.php\/wp-json\/wp\/v2\/pages\/35\/revisions\/335"}],"up":[{"embeddable":true,"href":"https:\/\/jenny-vacas.com\/index.php\/wp-json\/wp\/v2\/pages\/13"}],"wp:attachment":[{"href":"https:\/\/jenny-vacas.com\/index.php\/wp-json\/wp\/v2\/media?parent=35"}],"curies":[{"name":"wp","href":"https:\/\/api.w.org\/{rel}","templated":true}]}}