{"id":37,"date":"2016-07-08T09:32:48","date_gmt":"2016-07-08T08:32:48","guid":{"rendered":"http:\/\/jenny-vacas.com\/?page_id=37"},"modified":"2016-07-19T00:20:40","modified_gmt":"2016-07-18T23:20:40","slug":"communication-interpersonnelle-professionnelle","status":"publish","type":"page","link":"https:\/\/jenny-vacas.com\/index.php\/formations\/communication-interpersonnelle-professionnelle\/","title":{"rendered":"Communication Interpersonnelle"},"content":{"rendered":"<p>C&rsquo;est un mot bien savant pour dire qu&rsquo;on est plus heureux dans nos rapports aux autres (et avec\u00a0nous-m\u00eame&#8230;) lorsqu&rsquo;on prend conscience que les liens qui nous unissent \u00e0 nos proches, \u00e0 nos coll\u00e8gues, \u00e0 notre hi\u00e9rarchie,\u00a0comme\u00a0aux inconnus crois\u00e9s l&rsquo;espace d&rsquo;une br\u00e8ve rencontre&#8230; ces liens sont directement conjugu\u00e9s \u00e0\u00a0notre mani\u00e8re de communiquer\u00a0!&#8230; En effet, la communication interpersonnelle regroupe un champ tr\u00e8s large de th\u00e9matiques qui nous aident \u00e0\u00a0mieux communiquer avec \u00ab\u00a0l&rsquo;autre\u00a0\u00bb, au sens philosophique du terme. C&rsquo;est une approche de la relation aux autres qui nous ouvrent l&rsquo;esprit, qui fait tomber nos filtres de perception, qui nous engage un peu plus loin dans la v\u00e9rit\u00e9 de soi&#8230;<\/p>\n<hr \/>\n<p><strong>Les th\u00e9matiques trait\u00e9es dans le cadre des formations sur la communication interpersonnelle :<\/strong><\/p>\n<p>Ecoute et relation d\u2019aide<\/p>\n<p>Travailler en \u00e9quipe<\/p>\n<p>Affirmation positive de soi (assertivit\u00e9)<\/p>\n<p>Faire face \u00e0 l\u2019agressivit\u00e9<\/p>\n<p>La relation soignants soign\u00e9s<\/p>\n<p>La bientraitance<\/p>\n<hr \/>\n<p>Voir aussi :<\/p>\n<p><a href=\"http:\/\/jenny-vacas.com\/index.php\/management\/\">Management<\/a><\/p>\n<p><a href=\"http:\/\/jenny-vacas.com\/index.php\/sante-au-travail\/\">Sant\u00e9 au travail<\/a><\/p>\n<p><a href=\"http:\/\/jenny-vacas.com\/index.php\/developpement-personnel-professionnel\/\">D\u00e9veloppement Personnel &amp; Professionnel<\/a><\/p>\n","protected":false},"excerpt":{"rendered":"<p>C&rsquo;est un mot bien savant pour dire qu&rsquo;on est plus heureux dans nos rapports aux autres (et avec\u00a0nous-m\u00eame&#8230;) lorsqu&rsquo;on prend conscience que les liens qui nous unissent \u00e0 nos proches, \u00e0 nos coll\u00e8gues, \u00e0 notre hi\u00e9rarchie,\u00a0comme\u00a0aux inconnus crois\u00e9s l&rsquo;espace d&rsquo;une br\u00e8ve rencontre&#8230; ces liens sont directement conjugu\u00e9s \u00e0\u00a0notre mani\u00e8re de communiquer\u00a0!&#8230; En effet, la communication&#8230; <\/p>\n","protected":false},"author":1,"featured_media":0,"parent":13,"menu_order":0,"comment_status":"closed","ping_status":"closed","template":"","meta":{"footnotes":""},"_links":{"self":[{"href":"https:\/\/jenny-vacas.com\/index.php\/wp-json\/wp\/v2\/pages\/37"}],"collection":[{"href":"https:\/\/jenny-vacas.com\/index.php\/wp-json\/wp\/v2\/pages"}],"about":[{"href":"https:\/\/jenny-vacas.com\/index.php\/wp-json\/wp\/v2\/types\/page"}],"author":[{"embeddable":true,"href":"https:\/\/jenny-vacas.com\/index.php\/wp-json\/wp\/v2\/users\/1"}],"replies":[{"embeddable":true,"href":"https:\/\/jenny-vacas.com\/index.php\/wp-json\/wp\/v2\/comments?post=37"}],"version-history":[{"count":11,"href":"https:\/\/jenny-vacas.com\/index.php\/wp-json\/wp\/v2\/pages\/37\/revisions"}],"predecessor-version":[{"id":322,"href":"https:\/\/jenny-vacas.com\/index.php\/wp-json\/wp\/v2\/pages\/37\/revisions\/322"}],"up":[{"embeddable":true,"href":"https:\/\/jenny-vacas.com\/index.php\/wp-json\/wp\/v2\/pages\/13"}],"wp:attachment":[{"href":"https:\/\/jenny-vacas.com\/index.php\/wp-json\/wp\/v2\/media?parent=37"}],"curies":[{"name":"wp","href":"https:\/\/api.w.org\/{rel}","templated":true}]}}