{"id":40,"date":"2016-07-08T09:33:54","date_gmt":"2016-07-08T08:33:54","guid":{"rendered":"http:\/\/jenny-vacas.com\/?page_id=40"},"modified":"2016-07-19T00:18:40","modified_gmt":"2016-07-18T23:18:40","slug":"sante-au-travail","status":"publish","type":"page","link":"https:\/\/jenny-vacas.com\/index.php\/formations\/sante-au-travail\/","title":{"rendered":"Sant\u00e9 au travail"},"content":{"rendered":"<p>Dans le cadre du travail, et puisque nous y passons une majeure partie de nos vies, il est essentiel de s&rsquo;y sentir bien. Le sujet de la sant\u00e9 au travail ne se penche pas sur nos petites dol\u00e9ances du quotidien, nos petites d\u00e9ceptions, nos petites frustrations&#8230; Il va bien plus loin. Il s&rsquo;agit l\u00e0 de d\u00e9tecter et de mettre en place les outils de communication lorsqu&rsquo;il y a situation de crise et danger pour l&rsquo;\u00e9quilibre de l&rsquo;entreprise, des organisations.<\/p>\n<hr \/>\n<p><strong>Les th\u00e9matiques abord\u00e9es :<\/strong><\/p>\n<p>Les risques psychosociaux<\/p>\n<p>Pr\u00e9venir et g\u00e9rer le burn-out et la souffrance au travail<\/p>\n<p>Harc\u00e8lement moral et sexuel<\/p>\n<hr \/>\n<p>Voir aussi :<\/p>\n<p><a href=\"http:\/\/jenny-vacas.com\/index.php\/management\/\">Management<\/a><\/p>\n<p><a href=\"http:\/\/jenny-vacas.com\/index.php\/communication-interpersonnelle-professionnelle\/\">Communication Interpersonnelle<\/a><\/p>\n<p><a href=\"http:\/\/jenny-vacas.com\/index.php\/developpement-personnel-professionnel\/\">D\u00e9veloppement Personnel &amp; Professionnel<\/a><\/p>\n","protected":false},"excerpt":{"rendered":"<p>Dans le cadre du travail, et puisque nous y passons une majeure partie de nos vies, il est essentiel de s&rsquo;y sentir bien. Le sujet de la sant\u00e9 au travail ne se penche pas sur nos petites dol\u00e9ances du quotidien, nos petites d\u00e9ceptions, nos petites frustrations&#8230; Il va bien plus loin. Il s&rsquo;agit l\u00e0 de&#8230; <\/p>\n","protected":false},"author":1,"featured_media":0,"parent":13,"menu_order":0,"comment_status":"closed","ping_status":"closed","template":"","meta":{"footnotes":""},"_links":{"self":[{"href":"https:\/\/jenny-vacas.com\/index.php\/wp-json\/wp\/v2\/pages\/40"}],"collection":[{"href":"https:\/\/jenny-vacas.com\/index.php\/wp-json\/wp\/v2\/pages"}],"about":[{"href":"https:\/\/jenny-vacas.com\/index.php\/wp-json\/wp\/v2\/types\/page"}],"author":[{"embeddable":true,"href":"https:\/\/jenny-vacas.com\/index.php\/wp-json\/wp\/v2\/users\/1"}],"replies":[{"embeddable":true,"href":"https:\/\/jenny-vacas.com\/index.php\/wp-json\/wp\/v2\/comments?post=40"}],"version-history":[{"count":8,"href":"https:\/\/jenny-vacas.com\/index.php\/wp-json\/wp\/v2\/pages\/40\/revisions"}],"predecessor-version":[{"id":320,"href":"https:\/\/jenny-vacas.com\/index.php\/wp-json\/wp\/v2\/pages\/40\/revisions\/320"}],"up":[{"embeddable":true,"href":"https:\/\/jenny-vacas.com\/index.php\/wp-json\/wp\/v2\/pages\/13"}],"wp:attachment":[{"href":"https:\/\/jenny-vacas.com\/index.php\/wp-json\/wp\/v2\/media?parent=40"}],"curies":[{"name":"wp","href":"https:\/\/api.w.org\/{rel}","templated":true}]}}