{"id":42,"date":"2016-07-08T09:34:30","date_gmt":"2016-07-08T08:34:30","guid":{"rendered":"http:\/\/jenny-vacas.com\/?page_id=42"},"modified":"2016-07-19T00:25:12","modified_gmt":"2016-07-18T23:25:12","slug":"developpement-personnel-professionnel","status":"publish","type":"page","link":"https:\/\/jenny-vacas.com\/index.php\/formations\/developpement-personnel-professionnel\/","title":{"rendered":"D\u00e9veloppement Personnel &#038; Professionnel"},"content":{"rendered":"<p>La ma\u00eetrise des outils de communication, quels qu&rsquo;ils soient, passe par un chemin introspectif. \u00ab\u00a0Connais toi toi-m\u00eame\u00a0\u00bb dit le proverbe&#8230; C&rsquo;est un peu la cl\u00e9 pour se sentir bien avec les autres&#8230;<\/p>\n<hr \/>\n<p><strong>Les th\u00e9matiques abord\u00e9es :<\/strong><\/p>\n<p>D\u00e9velopper la confiance en soi<\/p>\n<p>Gestion des \u00e9motions<\/p>\n<hr \/>\n<p>Voir aussi :<\/p>\n<p><a href=\"http:\/\/jenny-vacas.com\/index.php\/management\/\">Management<\/a><\/p>\n<p><a href=\"http:\/\/jenny-vacas.com\/index.php\/communication-interpersonnelle-professionnelle\/\">Communication Interpersonnelle<\/a><\/p>\n<p><a href=\"http:\/\/jenny-vacas.com\/index.php\/sante-au-travail\/\">Sant\u00e9 au travail<\/a><\/p>\n","protected":false},"excerpt":{"rendered":"<p>La ma\u00eetrise des outils de communication, quels qu&rsquo;ils soient, passe par un chemin introspectif. \u00ab\u00a0Connais toi toi-m\u00eame\u00a0\u00bb dit le proverbe&#8230; C&rsquo;est un peu la cl\u00e9 pour se sentir bien avec les autres&#8230; Les th\u00e9matiques abord\u00e9es : D\u00e9velopper la confiance en soi Gestion des \u00e9motions Voir aussi : Management Communication Interpersonnelle Sant\u00e9 au travail<\/p>\n","protected":false},"author":1,"featured_media":0,"parent":13,"menu_order":0,"comment_status":"closed","ping_status":"closed","template":"","meta":{"footnotes":""},"_links":{"self":[{"href":"https:\/\/jenny-vacas.com\/index.php\/wp-json\/wp\/v2\/pages\/42"}],"collection":[{"href":"https:\/\/jenny-vacas.com\/index.php\/wp-json\/wp\/v2\/pages"}],"about":[{"href":"https:\/\/jenny-vacas.com\/index.php\/wp-json\/wp\/v2\/types\/page"}],"author":[{"embeddable":true,"href":"https:\/\/jenny-vacas.com\/index.php\/wp-json\/wp\/v2\/users\/1"}],"replies":[{"embeddable":true,"href":"https:\/\/jenny-vacas.com\/index.php\/wp-json\/wp\/v2\/comments?post=42"}],"version-history":[{"count":7,"href":"https:\/\/jenny-vacas.com\/index.php\/wp-json\/wp\/v2\/pages\/42\/revisions"}],"predecessor-version":[{"id":324,"href":"https:\/\/jenny-vacas.com\/index.php\/wp-json\/wp\/v2\/pages\/42\/revisions\/324"}],"up":[{"embeddable":true,"href":"https:\/\/jenny-vacas.com\/index.php\/wp-json\/wp\/v2\/pages\/13"}],"wp:attachment":[{"href":"https:\/\/jenny-vacas.com\/index.php\/wp-json\/wp\/v2\/media?parent=42"}],"curies":[{"name":"wp","href":"https:\/\/api.w.org\/{rel}","templated":true}]}}